{"id":147,"date":"2026-04-07T14:20:49","date_gmt":"2026-04-07T14:20:49","guid":{"rendered":"https:\/\/idggrupo.com\/?page_id=147"},"modified":"2026-04-07T14:41:00","modified_gmt":"2026-04-07T14:41:00","slug":"acerca-de","status":"publish","type":"page","link":"https:\/\/idggrupo.com\/en\/acerca-de\/","title":{"rendered":"About"},"content":{"rendered":"<div data-elementor-type=\"wp-page\" data-elementor-id=\"147\" class=\"elementor elementor-147\" data-elementor-post-type=\"page\">\n\t\t\t\t<div class=\"elementor-element elementor-element-a242329 e-con-full e-flex e-con e-parent\" data-id=\"a242329\" data-element_type=\"container\" data-e-type=\"container\" data-settings=\"{&quot;background_background&quot;:&quot;classic&quot;}\">\n\t\t\t\t<div class=\"elementor-element elementor-element-b429308 elementor-widget elementor-widget-heading\" data-id=\"b429308\" data-element_type=\"widget\" data-e-type=\"widget\" data-widget_type=\"heading.default\">\n\t\t\t\t\t<h1 class=\"elementor-heading-title elementor-size-default\">About Innovate Design Group<\/h1>\t\t\t\t<\/div>\n\t\t\t\t<div class=\"elementor-element elementor-element-7aff262 elementor-widget elementor-widget-text-editor\" data-id=\"7aff262\" data-element_type=\"widget\" data-e-type=\"widget\" data-widget_type=\"text-editor.default\">\n\t\t\t\t\t\t\t\t\t<p style=\"color: #bbb; font-size: 18px; margin-bottom: 30px;\">A group specialized in structured real estate investment<\/p>\t\t\t\t\t\t\t\t<\/div>\n\t\t\t\t<\/div>\n\t\t<div class=\"elementor-element elementor-element-674527a e-flex e-con-boxed e-con e-parent\" data-id=\"674527a\" data-element_type=\"container\" data-e-type=\"container\">\n\t\t\t\t\t<div class=\"e-con-inner\">\n\t\t<div class=\"elementor-element elementor-element-8892961 e-con-full e-flex e-con e-child\" data-id=\"8892961\" data-element_type=\"container\" data-e-type=\"container\">\n\t\t\t\t<div class=\"elementor-element elementor-element-48f96c4 elementor-widget elementor-widget-heading\" data-id=\"48f96c4\" data-element_type=\"widget\" data-e-type=\"widget\" data-widget_type=\"heading.default\">\n\t\t\t\t\t<h2 class=\"elementor-heading-title elementor-size-default\">Who are we<\/h2>\t\t\t\t<\/div>\n\t\t\t\t<div class=\"elementor-element elementor-element-983e05a elementor-widget elementor-widget-text-editor\" data-id=\"983e05a\" data-element_type=\"widget\" data-e-type=\"widget\" data-widget_type=\"text-editor.default\">\n\t\t\t\t\t\t\t\t\t<p data-start=\"1086\" data-end=\"1416\">Innovate Design Group, S.L. develops a real estate investment model focused on creating structured opportunities in the residential market. Our activity centers on identifying assets with appreciation potential, designing viable operations, and executing each phase of the project with a comprehensive vision.<\/p><p data-start=\"1418\" data-end=\"1615\">We work mainly in Madrid, although we also participate in other places of strategic interest, always under criteria of rigorous selection, technical feasibility and focus on income.<\/p>\t\t\t\t\t\t\t\t<\/div>\n\t\t\t\t<div class=\"elementor-element elementor-element-3e1ec22 elementor-align-left elementor-widget elementor-widget-button\" data-id=\"3e1ec22\" data-element_type=\"widget\" data-e-type=\"widget\" data-widget_type=\"button.default\">\n\t\t\t\t\t\t\t\t\t\t<a class=\"elementor-button elementor-button-link elementor-size-sm\" href=\"https:\/\/idggrupo.com\/en\/contacto\/\">\n\t\t\t\t\t\t<span class=\"elementor-button-content-wrapper\">\n\t\t\t\t\t\t\t\t\t<span class=\"elementor-button-text\">Request investment dossier<\/span>\n\t\t\t\t\t<\/span>\n\t\t\t\t\t<\/a>\n\t\t\t\t\t\t\t\t<\/div>\n\t\t\t\t<\/div>\n\t\t<div class=\"elementor-element elementor-element-706f346 e-con-full e-flex e-con e-child\" data-id=\"706f346\" data-element_type=\"container\" data-e-type=\"container\">\n\t\t\t\t<div class=\"elementor-element elementor-element-3a22381 elementor-widget elementor-widget-image\" data-id=\"3a22381\" data-element_type=\"widget\" data-e-type=\"widget\" data-widget_type=\"image.default\">\n\t\t\t\t\t\t\t\t\t\t\t\t\t\t\t<img fetchpriority=\"high\" decoding=\"async\" width=\"1024\" height=\"1024\" src=\"https:\/\/idggrupo.com\/wp-content\/uploads\/2026\/04\/fachadasycubiertasidg.com234-1024x1024.png\" class=\"attachment-large size-large wp-image-143\" alt=\"idggrupo.com\" srcset=\"https:\/\/idggrupo.com\/wp-content\/uploads\/2026\/04\/fachadasycubiertasidg.com234-1024x1024.png 1024w, https:\/\/idggrupo.com\/wp-content\/uploads\/2026\/04\/fachadasycubiertasidg.com234-300x300.png 300w, https:\/\/idggrupo.com\/wp-content\/uploads\/2026\/04\/fachadasycubiertasidg.com234-150x150.png 150w, https:\/\/idggrupo.com\/wp-content\/uploads\/2026\/04\/fachadasycubiertasidg.com234-768x768.png 768w, https:\/\/idggrupo.com\/wp-content\/uploads\/2026\/04\/fachadasycubiertasidg.com234.png 1080w\" sizes=\"(max-width: 1024px) 100vw, 1024px\" title=\"About\">\t\t\t\t\t\t\t\t\t\t\t\t\t\t\t<\/div>\n\t\t\t\t<\/div>\n\t\t\t\t\t<\/div>\n\t\t\t\t<\/div>\n\t\t\t\t<\/div>","protected":false},"excerpt":{"rendered":"<p>Sobre Innovate Design Group Un grupo especializado en inversi\u00f3n inmobiliaria estructurada Qui\u00e9nes somos Innovate Design Group, S.L. desarrolla un modelo de inversi\u00f3n inmobiliaria orientado a generar oportunidades estructuradas en el mercado residencial. Nuestra actividad se centra en detectar activos con potencial de revalorizaci\u00f3n, dise\u00f1ar operaciones viables y ejecutar cada fase del proyecto con una visi\u00f3n [&hellip;]<\/p>\n","protected":false},"author":2,"featured_media":0,"parent":0,"menu_order":0,"comment_status":"closed","ping_status":"closed","template":"","meta":{"footnotes":""},"class_list":["post-147","page","type-page","status-publish","hentry"],"blocksy_meta":[],"_hostinger_reach_plugin_has_subscription_block":false,"_hostinger_reach_plugin_is_elementor":false,"_links":{"self":[{"href":"https:\/\/idggrupo.com\/en\/wp-json\/wp\/v2\/pages\/147","targetHints":{"allow":["GET"]}}],"collection":[{"href":"https:\/\/idggrupo.com\/en\/wp-json\/wp\/v2\/pages"}],"about":[{"href":"https:\/\/idggrupo.com\/en\/wp-json\/wp\/v2\/types\/page"}],"author":[{"embeddable":true,"href":"https:\/\/idggrupo.com\/en\/wp-json\/wp\/v2\/users\/2"}],"replies":[{"embeddable":true,"href":"https:\/\/idggrupo.com\/en\/wp-json\/wp\/v2\/comments?post=147"}],"version-history":[{"count":7,"href":"https:\/\/idggrupo.com\/en\/wp-json\/wp\/v2\/pages\/147\/revisions"}],"predecessor-version":[{"id":188,"href":"https:\/\/idggrupo.com\/en\/wp-json\/wp\/v2\/pages\/147\/revisions\/188"}],"wp:attachment":[{"href":"https:\/\/idggrupo.com\/en\/wp-json\/wp\/v2\/media?parent=147"}],"curies":[{"name":"wp","href":"https:\/\/api.w.org\/{rel}","templated":true}]}}