{"id":193,"date":"2026-04-07T14:49:45","date_gmt":"2026-04-07T14:49:45","guid":{"rendered":"https:\/\/idggrupo.com\/?page_id=193"},"modified":"2026-04-07T14:50:06","modified_gmt":"2026-04-07T14:50:06","slug":"aviso-legal","status":"publish","type":"page","link":"https:\/\/idggrupo.com\/en\/aviso-legal\/","title":{"rendered":"Legal Notice"},"content":{"rendered":"<div style=\"height:20px\" aria-hidden=\"true\" class=\"wp-block-spacer\"><\/div>\n\n\n\n<h1 class=\"wp-block-heading\">Legal Notice<\/h1>\n\n\n\n<p>In compliance with the duty to inform as set forth in Law 34\/2002 of Services of the Information Society and Electronic Commerce (LSSI-CE), the following details are provided below:<\/p>\n\n\n\n<ul class=\"wp-block-list\">\n<li>Name: Innovate Design Group, S.L.<\/li>\n\n\n\n<li>CIF: B70903208<\/li>\n\n\n\n<li>Address: Paseo de la Castellana 194, 28046 Madrid<\/li>\n\n\n\n<li>Phone: 614 44 73 54<\/li>\n\n\n\n<li>Email: <a>idg.construye@gmail.com<\/a><\/li>\n\n\n\n<li>Domain: idggrupo.com<\/li>\n<\/ul>\n\n\n\n<h3 class=\"wp-block-heading\">Object<\/h3>\n\n\n\n<p>The purpose of this website is to offer information about the services and activities of Innovate Design Group, S.L., related to the identification, structuring, and execution of real estate investment operations, as well as to facilitate contact with potential investors or interested parties.<\/p>\n\n\n\n<h3 class=\"wp-block-heading\">Terms of Use<\/h3>\n\n\n\n<p>Access to and use of this website confers the status of user, implying acceptance of the conditions set forth herein.<\/p>\n\n\n\n<p>The user agrees to make appropriate use of the content and services offered, refraining from using them for illicit activities, contrary to good faith, or against public order.<\/p>\n\n\n\n<p>Likewise, the user agrees not to cause damage to the physical or logical systems of the website owner, nor to introduce or disseminate computer viruses or other systems that may cause damage.<\/p>\n\n\n\n<h3 class=\"wp-block-heading\">Intellectual and Industrial Property<\/h3>\n\n\n\n<p>All content on the website, including texts, images, design, structure, logos, source code, and any other element, is the property of Innovate Design Group, S.L. or is licensed accordingly, and is protected by current intellectual and industrial property regulations.<\/p>\n\n\n\n<p>Reproduction, distribution, or public communication, in whole or in part, is prohibited without the express authorization of the owner.<\/p>\n\n\n\n<h3 class=\"wp-block-heading\">Responsibility<\/h3>\n\n\n\n<p>Innovate Design Group, S.L. is not responsible for damages or losses that may arise from the use of the information contained on this website, nor for possible errors or omissions in the content.<\/p>\n\n\n\n<p>Nor is it responsible for the misuse that users may make of the website or the content offered.<\/p>\n\n\n\n<p>Likewise, the absence of viruses or other elements that may cause alterations in the user's computer systems is not guaranteed.<\/p>\n\n\n\n<h3 class=\"wp-block-heading\">External links<\/h3>\n\n\n\n<p>In the event that links to external pages are provided on the website, Innovate Design Group, S.L. will not exercise any type of control over said sites and their content.<\/p>\n\n\n\n<p>In no event shall we assume any responsibility for the content of third-party links.<\/p>\n\n\n\n<h3 class=\"wp-block-heading\">Data protection<\/h3>\n\n\n\n<p>The processing of personal data will be governed by the provisions of the Privacy Policy available on this website.<\/p>\n\n\n\n<h3 class=\"wp-block-heading\">Applicable legislation and jurisdiction<\/h3>\n\n\n\n<p>The relationship between Innovate Design Group, S.L. and the user shall be governed by current Spanish regulations.<\/p>\n\n\n\n<p>For the resolution of any disputes that may arise, both parties shall submit to the courts and tribunals of the user's domicile or the place of performance of the obligation, unless otherwise provided by law.<\/p>\n\n\n\n<div style=\"height:50px\" aria-hidden=\"true\" class=\"wp-block-spacer\"><\/div>","protected":false},"excerpt":{"rendered":"<p>Aviso legal En cumplimiento con el deber de informaci\u00f3n recogido en la Ley 34\/2002 de Servicios de la Sociedad de la Informaci\u00f3n y de Comercio Electr\u00f3nico (LSSI-CE), se facilitan a continuaci\u00f3n los siguientes datos: Objeto El presente sitio web tiene como finalidad ofrecer informaci\u00f3n sobre los servicios y actividades de Innovate Design Group, S.L., relacionados [&hellip;]<\/p>\n","protected":false},"author":2,"featured_media":0,"parent":0,"menu_order":0,"comment_status":"closed","ping_status":"closed","template":"","meta":{"footnotes":""},"class_list":["post-193","page","type-page","status-publish","hentry"],"blocksy_meta":[],"_hostinger_reach_plugin_has_subscription_block":false,"_hostinger_reach_plugin_is_elementor":false,"_links":{"self":[{"href":"https:\/\/idggrupo.com\/en\/wp-json\/wp\/v2\/pages\/193","targetHints":{"allow":["GET"]}}],"collection":[{"href":"https:\/\/idggrupo.com\/en\/wp-json\/wp\/v2\/pages"}],"about":[{"href":"https:\/\/idggrupo.com\/en\/wp-json\/wp\/v2\/types\/page"}],"author":[{"embeddable":true,"href":"https:\/\/idggrupo.com\/en\/wp-json\/wp\/v2\/users\/2"}],"replies":[{"embeddable":true,"href":"https:\/\/idggrupo.com\/en\/wp-json\/wp\/v2\/comments?post=193"}],"version-history":[{"count":2,"href":"https:\/\/idggrupo.com\/en\/wp-json\/wp\/v2\/pages\/193\/revisions"}],"predecessor-version":[{"id":195,"href":"https:\/\/idggrupo.com\/en\/wp-json\/wp\/v2\/pages\/193\/revisions\/195"}],"wp:attachment":[{"href":"https:\/\/idggrupo.com\/en\/wp-json\/wp\/v2\/media?parent=193"}],"curies":[{"name":"wp","href":"https:\/\/api.w.org\/{rel}","templated":true}]}}