{"id":196,"date":"2026-04-07T14:52:33","date_gmt":"2026-04-07T14:52:33","guid":{"rendered":"https:\/\/idggrupo.com\/?page_id=196"},"modified":"2026-04-07T14:52:33","modified_gmt":"2026-04-07T14:52:33","slug":"politica-de-cookies","status":"publish","type":"page","link":"https:\/\/idggrupo.com\/en\/politica-de-cookies\/","title":{"rendered":"Cookie Policy"},"content":{"rendered":"<div style=\"height:25px\" aria-hidden=\"true\" class=\"wp-block-spacer\"><\/div>\n\n\n\n<h1 class=\"wp-block-heading\">Cookie Policy<\/h1>\n\n\n\n<h3 class=\"wp-block-heading\">What are cookies?<\/h3>\n\n\n\n<p>Cookies are small text files that are stored on the user's device when visiting a website. Their purpose is to allow the proper functioning of the site, improve the browsing experience, and obtain information about the website's usage.<\/p>\n\n\n\n<h3 class=\"wp-block-heading\">Types of cookies used<\/h3>\n\n\n\n<p>This website may use the following categories of cookies:<\/p>\n\n\n\n<p>Technical cookies<br>These are necessary for the basic functioning of the website and allow for navigation and the use of its functionalities.<\/p>\n\n\n\n<p>Analytics cookies<br>They allow us to quantify the number of users and perform statistical measurements and analyses of how users interact with the website, in order to improve the services offered.<\/p>\n\n\n\n<p>Customization cookies<br>They allow you to remember information so that the user can access the service with certain characteristics that can differentiate their experience.<\/p>\n\n\n\n<p>Advertising cookies<br>They allow for the management of the website's advertising spaces based on criteria such as content displayed or ad frequency.<\/p>\n\n\n\n<h3 class=\"wp-block-heading\">Third party cookies<\/h3>\n\n\n\n<p>This website may use third-party services that collect information for statistical and website usage purposes. These may include tools such as Google Analytics or other similar services.<\/p>\n\n\n\n<p>These third parties may use their own cookies to operate their services.<\/p>\n\n\n\n<h3 class=\"wp-block-heading\">Cookie Management<\/h3>\n\n\n\n<p>The user can allow, block, or delete cookies installed on their device through their browser settings.<\/p>\n\n\n\n<p>Below are links to cookie management in the most widely used browsers:<\/p>\n\n\n\n<p>Google Chrome<br>Mozilla Firefox<br>Safari<br>Microsoft Edge<\/p>\n\n\n\n<p>Blocking cookies may affect the proper functioning of some parts of the website.<\/p>\n\n\n\n<h3 class=\"wp-block-heading\">Consent<\/h3>\n\n\n\n<p>By accessing this website, the user accepts the use of cookies under the conditions set out in this Cookies Policy.<\/p>\n\n\n\n<p>The user can modify or withdraw their consent at any time through their browser settings or using the cookie management tools available on the website.<\/p>\n\n\n\n<h3 class=\"wp-block-heading\">Changes to the cookie policy<\/h3>\n\n\n\n<p>Innovate Design Group, S.L. reserves the right to modify this policy to adapt it to legislative or technical changes.<\/p>\n\n\n\n<p>It is recommended to review this policy periodically to stay informed of any changes.<\/p>\n\n\n\n<div style=\"height:50px\" aria-hidden=\"true\" class=\"wp-block-spacer\"><\/div>","protected":false},"excerpt":{"rendered":"<p>Pol\u00edtica de cookies \u00bfQu\u00e9 son las cookies? Las cookies son peque\u00f1os archivos de texto que se almacenan en el dispositivo del usuario al visitar una p\u00e1gina web. Su finalidad es permitir el correcto funcionamiento del sitio, mejorar la experiencia de navegaci\u00f3n y obtener informaci\u00f3n sobre el uso del sitio web. Tipos de cookies utilizadas Este [&hellip;]<\/p>\n","protected":false},"author":2,"featured_media":0,"parent":0,"menu_order":0,"comment_status":"closed","ping_status":"closed","template":"","meta":{"footnotes":""},"class_list":["post-196","page","type-page","status-publish","hentry"],"blocksy_meta":[],"_hostinger_reach_plugin_has_subscription_block":false,"_hostinger_reach_plugin_is_elementor":false,"_links":{"self":[{"href":"https:\/\/idggrupo.com\/en\/wp-json\/wp\/v2\/pages\/196","targetHints":{"allow":["GET"]}}],"collection":[{"href":"https:\/\/idggrupo.com\/en\/wp-json\/wp\/v2\/pages"}],"about":[{"href":"https:\/\/idggrupo.com\/en\/wp-json\/wp\/v2\/types\/page"}],"author":[{"embeddable":true,"href":"https:\/\/idggrupo.com\/en\/wp-json\/wp\/v2\/users\/2"}],"replies":[{"embeddable":true,"href":"https:\/\/idggrupo.com\/en\/wp-json\/wp\/v2\/comments?post=196"}],"version-history":[{"count":1,"href":"https:\/\/idggrupo.com\/en\/wp-json\/wp\/v2\/pages\/196\/revisions"}],"predecessor-version":[{"id":197,"href":"https:\/\/idggrupo.com\/en\/wp-json\/wp\/v2\/pages\/196\/revisions\/197"}],"wp:attachment":[{"href":"https:\/\/idggrupo.com\/en\/wp-json\/wp\/v2\/media?parent=196"}],"curies":[{"name":"wp","href":"https:\/\/api.w.org\/{rel}","templated":true}]}}